{"id":3300,"date":"2021-07-21T11:24:43","date_gmt":"2021-07-21T11:24:43","guid":{"rendered":"https:\/\/corpital.com\/support\/"},"modified":"2024-10-03T10:13:30","modified_gmt":"2024-10-03T09:13:30","slug":"support","status":"publish","type":"page","link":"https:\/\/corpital.com\/en\/support\/","title":{"rendered":"Support"},"content":{"rendered":"","protected":false},"excerpt":{"rendered":"","protected":false},"author":2,"featured_media":0,"parent":0,"menu_order":0,"comment_status":"closed","ping_status":"closed","template":"template-modules.blade.php","meta":{"_acf_changed":false,"_seopress_robots_primary_cat":"","_seopress_titles_title":"%%sitetitle%% %%sep%% %%post_title%%","_seopress_titles_desc":"Har du brug for hurtig og effektiv support? Opret en sag via Corpitals Community. Her finder du ogs\u00e5 et quick link til TeamViewer. Giv vores konsulenter direkte adgang til din sk\u00e6rm, uden at der skal installeres anden software, hvis du har brug for hurtig hj\u00e6lp.","_seopress_robots_index":"","footnotes":""},"class_list":["post-3300","page","type-page","status-publish","hentry"],"acf":[],"_links":{"self":[{"href":"https:\/\/corpital.com\/en\/wp-json\/wp\/v2\/pages\/3300","targetHints":{"allow":["GET"]}}],"collection":[{"href":"https:\/\/corpital.com\/en\/wp-json\/wp\/v2\/pages"}],"about":[{"href":"https:\/\/corpital.com\/en\/wp-json\/wp\/v2\/types\/page"}],"author":[{"embeddable":true,"href":"https:\/\/corpital.com\/en\/wp-json\/wp\/v2\/users\/2"}],"replies":[{"embeddable":true,"href":"https:\/\/corpital.com\/en\/wp-json\/wp\/v2\/comments?post=3300"}],"version-history":[{"count":7,"href":"https:\/\/corpital.com\/en\/wp-json\/wp\/v2\/pages\/3300\/revisions"}],"predecessor-version":[{"id":4618,"href":"https:\/\/corpital.com\/en\/wp-json\/wp\/v2\/pages\/3300\/revisions\/4618"}],"wp:attachment":[{"href":"https:\/\/corpital.com\/en\/wp-json\/wp\/v2\/media?parent=3300"}],"curies":[{"name":"wp","href":"https:\/\/api.w.org\/{rel}","templated":true}]}}