{"id":3280,"date":"2022-01-04T11:31:44","date_gmt":"2022-01-04T10:31:44","guid":{"rendered":"https:\/\/corpital.com\/?page_id=3280"},"modified":"2022-01-18T15:12:05","modified_gmt":"2022-01-18T14:12:05","slug":"about-corpital","status":"publish","type":"page","link":"https:\/\/corpital.com\/en\/about-corpital\/","title":{"rendered":"About Corpital"},"content":{"rendered":"","protected":false},"excerpt":{"rendered":"","protected":false},"author":2,"featured_media":0,"parent":0,"menu_order":0,"comment_status":"closed","ping_status":"closed","template":"template-modules.blade.php","meta":{"_acf_changed":false,"_seopress_robots_primary_cat":"","_seopress_titles_title":"Om Corpital  %%sep%% Forretningspartner, der t\u00e6nker hele ERP og CRM-l\u00f8sninger \u2013 f\u00f8r vi t\u00e6nker IT ","_seopress_titles_desc":"Corpital er et konsulenthus, der er specialiseret indenfor ERP og CRM-l\u00f8sninger. Vores spidskompetencer er koncentreret om Salesforce og Microsoft Dynamics 365 Business Central.","_seopress_robots_index":"","footnotes":""},"class_list":["post-3280","page","type-page","status-publish","hentry"],"acf":[],"_links":{"self":[{"href":"https:\/\/corpital.com\/en\/wp-json\/wp\/v2\/pages\/3280","targetHints":{"allow":["GET"]}}],"collection":[{"href":"https:\/\/corpital.com\/en\/wp-json\/wp\/v2\/pages"}],"about":[{"href":"https:\/\/corpital.com\/en\/wp-json\/wp\/v2\/types\/page"}],"author":[{"embeddable":true,"href":"https:\/\/corpital.com\/en\/wp-json\/wp\/v2\/users\/2"}],"replies":[{"embeddable":true,"href":"https:\/\/corpital.com\/en\/wp-json\/wp\/v2\/comments?post=3280"}],"version-history":[{"count":7,"href":"https:\/\/corpital.com\/en\/wp-json\/wp\/v2\/pages\/3280\/revisions"}],"predecessor-version":[{"id":3481,"href":"https:\/\/corpital.com\/en\/wp-json\/wp\/v2\/pages\/3280\/revisions\/3481"}],"wp:attachment":[{"href":"https:\/\/corpital.com\/en\/wp-json\/wp\/v2\/media?parent=3280"}],"curies":[{"name":"wp","href":"https:\/\/api.w.org\/{rel}","templated":true}]}}