{"id":2219,"date":"2021-11-18T08:43:26","date_gmt":"2021-11-18T08:43:26","guid":{"rendered":"https:\/\/corpital.com\/?page_id=2219"},"modified":"2023-09-20T10:50:48","modified_gmt":"2023-09-20T09:50:48","slug":"samarbejdsformer","status":"publish","type":"page","link":"https:\/\/corpital.com\/da\/samarbejdsformer\/","title":{"rendered":"Samarbejdsformer"},"content":{"rendered":"","protected":false},"excerpt":{"rendered":"","protected":false},"author":4,"featured_media":0,"parent":0,"menu_order":0,"comment_status":"closed","ping_status":"closed","template":"template-modules.blade.php","meta":{"_acf_changed":false,"_seopress_robots_primary_cat":"","_seopress_titles_title":"%%sitetitle%% %%sep%% %%post_title%%","_seopress_titles_desc":"Corpital arbejder efter agile principper. Verden forandrer sig hurtigt, og fleksibilitet og tilpasningsevne er n\u00f8glerne til at overleve p\u00e5 det moderne marked. En agil arbejdstilgang g\u00f8r det muligt hurtigt at tilpasse sig \u00e6ndringer og reagere p\u00e5 uforudsete omst\u00e6ndigheder. Det handler om at bringe mennesker, processer og teknologi sammen og  finde den mest passende og effektive m\u00e5de at arbejde p\u00e5 for at udf\u00f8re en bestemt opgave.","_seopress_robots_index":"","footnotes":""},"class_list":["post-2219","page","type-page","status-publish","hentry"],"acf":[],"_links":{"self":[{"href":"https:\/\/corpital.com\/da\/wp-json\/wp\/v2\/pages\/2219","targetHints":{"allow":["GET"]}}],"collection":[{"href":"https:\/\/corpital.com\/da\/wp-json\/wp\/v2\/pages"}],"about":[{"href":"https:\/\/corpital.com\/da\/wp-json\/wp\/v2\/types\/page"}],"author":[{"embeddable":true,"href":"https:\/\/corpital.com\/da\/wp-json\/wp\/v2\/users\/4"}],"replies":[{"embeddable":true,"href":"https:\/\/corpital.com\/da\/wp-json\/wp\/v2\/comments?post=2219"}],"version-history":[{"count":41,"href":"https:\/\/corpital.com\/da\/wp-json\/wp\/v2\/pages\/2219\/revisions"}],"predecessor-version":[{"id":4359,"href":"https:\/\/corpital.com\/da\/wp-json\/wp\/v2\/pages\/2219\/revisions\/4359"}],"wp:attachment":[{"href":"https:\/\/corpital.com\/da\/wp-json\/wp\/v2\/media?parent=2219"}],"curies":[{"name":"wp","href":"https:\/\/api.w.org\/{rel}","templated":true}]}}