{"id":1700,"date":"2021-09-27T14:02:31","date_gmt":"2021-09-27T14:02:31","guid":{"rendered":"https:\/\/corpital.com\/?page_id=1700"},"modified":"2023-09-19T14:34:46","modified_gmt":"2023-09-19T13:34:46","slug":"vi-stoetter","status":"publish","type":"page","link":"https:\/\/corpital.com\/da\/vi-stoetter\/","title":{"rendered":"Projekter som vi st\u00f8tter"},"content":{"rendered":"","protected":false},"excerpt":{"rendered":"","protected":false},"author":4,"featured_media":0,"parent":0,"menu_order":0,"comment_status":"closed","ping_status":"closed","template":"template-modules.blade.php","meta":{"_acf_changed":false,"_seopress_robots_primary_cat":"","_seopress_titles_title":"Corpital.com - Projekter som vi st\u00f8tter","_seopress_titles_desc":"Corpital st\u00f8tter en r\u00e6kke initiativer, herunder Iamthecode, Pledge 1% og sammen med Salesforce og andre partnere har vi plantet en ny skov i Danmark, som led i globalt projekt. ","_seopress_robots_index":"","footnotes":""},"class_list":["post-1700","page","type-page","status-publish","hentry"],"acf":[],"_links":{"self":[{"href":"https:\/\/corpital.com\/da\/wp-json\/wp\/v2\/pages\/1700","targetHints":{"allow":["GET"]}}],"collection":[{"href":"https:\/\/corpital.com\/da\/wp-json\/wp\/v2\/pages"}],"about":[{"href":"https:\/\/corpital.com\/da\/wp-json\/wp\/v2\/types\/page"}],"author":[{"embeddable":true,"href":"https:\/\/corpital.com\/da\/wp-json\/wp\/v2\/users\/4"}],"replies":[{"embeddable":true,"href":"https:\/\/corpital.com\/da\/wp-json\/wp\/v2\/comments?post=1700"}],"version-history":[{"count":45,"href":"https:\/\/corpital.com\/da\/wp-json\/wp\/v2\/pages\/1700\/revisions"}],"predecessor-version":[{"id":4354,"href":"https:\/\/corpital.com\/da\/wp-json\/wp\/v2\/pages\/1700\/revisions\/4354"}],"wp:attachment":[{"href":"https:\/\/corpital.com\/da\/wp-json\/wp\/v2\/media?parent=1700"}],"curies":[{"name":"wp","href":"https:\/\/api.w.org\/{rel}","templated":true}]}}